{"id":2995,"date":"2023-07-12T21:45:11","date_gmt":"2023-07-12T19:45:11","guid":{"rendered":"https:\/\/sszsuhl.de\/?page_id=2995"},"modified":"2025-01-21T14:57:06","modified_gmt":"2025-01-21T13:57:06","slug":"ssz-suhl-shop","status":"publish","type":"page","link":"https:\/\/sszsuhl.de\/en\/ssz-suhl-shop\/","title":{"rendered":"SSZ SUHL SHOP"},"content":{"rendered":"<div class=\"is-layout-flex wp-container-3 wp-block-columns\">\n<div class=\"is-layout-flow wp-block-column\" style=\"flex-basis:66.66%\">\n<p>Willkommen im Schie\u00dfsportzentrum Suhl &#8211; Ihrem Zentrum f\u00fcr professionellen Schie\u00dfsport! Wir freuen uns, Ihnen mitteilen zu k\u00f6nnen, dass wir eine aufregende Erg\u00e4nzung auf unserem Gel\u00e4nde haben: <strong>Unser brandneuer Shop, der exklusive Waffen der renommierten Firmen Blaser und Browning anbietet.<\/strong><\/p>\n\n\n\n<p>Egal, ob Sie ein erfahrener Sch\u00fctze sind oder gerade erst in die faszinierende Welt des Schie\u00dfsports eintauchen, unser Shop im Schie\u00dfsportzentrum Suhl bietet Ihnen eine umfangreiche Auswahl an hochwertigen Waffen, die von den f\u00fchrenden Herstellern Blaser und Browning stammen. Hier finden Sie das perfekte Werkzeug, um Ihre F\u00e4higkeiten auf das n\u00e4chste Level zu bringen und Ihre Leidenschaft f\u00fcr den Schie\u00dfsport voll auszuleben.<\/p>\n\n\n\n<p><strong>Sichern Sie sich gerne eine Beratung von unseren Profis und Ansprechpartnern f\u00fcr diese exklusiven Waffen. <\/strong><\/p>\n\n\n\n<p><strong>Ebenso ist nach Anfrage ein Probeschie\u00dfen f\u00fcr vorr\u00e4tige Demo-Waffen vor Ort auf unseren St\u00e4nden m\u00f6glich.<\/strong><\/p>\n\n\n\n<hr class=\"wp-block-separator has-alpha-channel-opacity\"\/>\n\n\n\n<p><img decoding=\"async\" class=\"wp-image-3002\" style=\"width: 160px;\" src=\"https:\/\/sszsuhl.de\/wp-content\/uploads\/2023\/08\/BLA_Logo_anthrazit_-scaled.jpg\" alt=\"\"> <\/p>\n\n\n\n<p>Die Firma Blaser steht seit Jahrzehnten f\u00fcr herausragende Qualit\u00e4t und innovative Technologie. Ihre Pr\u00e4zisionsgewehre und Jagdwaffen sind weltweit bekannt und beliebt. Ob Sie an anspruchsvollen Wettk\u00e4mpfen teilnehmen oder auf der Jagd nach dem perfekten Schuss sind, mit den Waffen von Blaser haben Sie stets eine zuverl\u00e4ssige Begleiterin an Ihrer Seite.<\/p>\n\n\n\n<p><img decoding=\"async\" loading=\"lazy\" width=\"900\" height=\"275\" class=\"wp-image-3001\" style=\"width: 160px;\" src=\"https:\/\/sszsuhl.de\/wp-content\/uploads\/2023\/07\/bn.jpg\" alt=\"\" srcset=\"https:\/\/sszsuhl.de\/wp-content\/uploads\/2023\/07\/bn.jpg 900w, https:\/\/sszsuhl.de\/wp-content\/uploads\/2023\/07\/bn-300x92.jpg 300w, https:\/\/sszsuhl.de\/wp-content\/uploads\/2023\/07\/bn-768x235.jpg 768w, https:\/\/sszsuhl.de\/wp-content\/uploads\/2023\/07\/bn-18x6.jpg 18w\" sizes=\"(max-width: 900px) 100vw, 900px\" \/><\/p>\n\n\n\n<p>Auch die Marke Browning hat einen exzellenten Ruf in der Waffenbranche. Mit ihrem unverwechselbaren Stil und ihrer erstklassigen Verarbeitung sind die Waffen von Browning eine beeindruckende Kombination aus Eleganz und Leistung. Die Firma Browning hat sich einen Namen gemacht, indem sie die Erwartungen von Sch\u00fctzen auf der ganzen Welt immer wieder \u00fcbertroffen hat.<\/p>\n\n\n\n<p>Besuchen Sie unseren Shop im Schie\u00dfsportzentrum Suhl und lassen Sie sich von unserem fachkundigen Team beraten. Wir stehen Ihnen mit umfassendem Wissen und Erfahrung zur Seite, um Ihnen bei der Auswahl der perfekten Waffe f\u00fcr Ihre Bed\u00fcrfnisse zu helfen. Egal, ob Sie auf der Suche nach Gewehren, Pistolen oder Zubeh\u00f6r sind &#8211; bei uns werden Sie f\u00fcndig.<\/p>\n\n\n\n<p>Entdecken Sie die Welt des Schie\u00dfsports auf eine v\u00f6llig neue Art und Weise. Besuchen Sie unseren Shop im Schie\u00dfsportzentrum Suhl im S\u00fcdkomplex \/ Flintenstand und tauchen Sie ein in die faszinierende Welt von Blaser und Browning. Machen Sie sich bereit, Ihre Ziele mit Pr\u00e4zision, Eleganz und Leidenschaft zu treffen. Wir freuen uns darauf, Sie bei uns willkommen zu hei\u00dfen und Ihnen die besten Waffen f\u00fcr Ihre Schie\u00dfsportabenteuer anzubieten.<\/p>\n<\/div>\n\n\n\n<div class=\"is-layout-flow wp-block-column\" style=\"flex-basis:33.33%\">\n<p style=\"text-align: center;\"><strong>Contact Person<\/strong><\/p>\n\n\n\n<div class=\"wp-block-getwid-person\"><div class=\"wp-block-getwid-person__image\"><img decoding=\"async\" loading=\"lazy\" width=\"1800\" height=\"1200\" src=\"https:\/\/sszsuhl.de\/wp-content\/uploads\/2021\/07\/fg_.jpg\" class=\"wp-image-800\" srcset=\"https:\/\/sszsuhl.de\/wp-content\/uploads\/2021\/07\/fg_.jpg 1800w, https:\/\/sszsuhl.de\/wp-content\/uploads\/2021\/07\/fg_-300x200.jpg 300w, https:\/\/sszsuhl.de\/wp-content\/uploads\/2021\/07\/fg_-1024x683.jpg 1024w, https:\/\/sszsuhl.de\/wp-content\/uploads\/2021\/07\/fg_-768x512.jpg 768w, https:\/\/sszsuhl.de\/wp-content\/uploads\/2021\/07\/fg_-391x260.jpg 391w, https:\/\/sszsuhl.de\/wp-content\/uploads\/2021\/07\/fg_-1536x1024.jpg 1536w, https:\/\/sszsuhl.de\/wp-content\/uploads\/2021\/07\/fg_-16x12.jpg 16w, https:\/\/sszsuhl.de\/wp-content\/uploads\/2021\/07\/fg_-360x240.jpg 360w\" sizes=\"(max-width: 1800px) 100vw, 1800px\" \/><\/div><div class=\"wp-block-getwid-person__content-wrapper\"><span class=\"wp-block-getwid-person__title\">Frank G\u00fcnther<\/span><span class=\"wp-block-getwid-person__subtitle\">Sportleiter | Schiessleiter Flinte | Handel<br>Sports Director | Shooting Instructor Shotgun | Trade<br><\/span><p class=\"wp-block-getwid-person__content\">Tel: +49 3681 884168<br>Mail: shop@sszsuhl.de<\/p>\n<div class=\"wp-block-getwid-social-links has-default-spacing\"><ul class=\"wp-block-getwid-social-links__list getwid-justify-content-center\"><li class=\"wp-block-getwid-social-links__item\"><a class=\"wp-block-getwid-social-links__link\" href=\"tel:+493681884168\" target=\"_blank\" rel=\"noreferrer noopener\"><span class=\"wp-block-getwid-social-links__wrapper\"><i class=\"fas fa-phone\"><\/i><\/span><\/a><\/li><li class=\"wp-block-getwid-social-links__item\"><a class=\"wp-block-getwid-social-links__link\" href=\"mailto:shop@sszsuhl.de\" target=\"_blank\" rel=\"noreferrer noopener\"><span class=\"wp-block-getwid-social-links__wrapper\"><i class=\"far fa-envelope\"><\/i><\/span><\/a><\/li><\/ul><\/div>\n<\/div><\/div>\n\n\n\n<div style=\"height:15px\" aria-hidden=\"true\" class=\"wp-block-spacer\"><\/div>\n\n\n\n<div class=\"wp-block-getwid-person\"><div class=\"wp-block-getwid-person__image\"><img decoding=\"async\" loading=\"lazy\" width=\"1800\" height=\"1200\" src=\"https:\/\/sszsuhl.de\/wp-content\/uploads\/2021\/07\/ds_.jpg\" class=\"wp-image-798\" srcset=\"https:\/\/sszsuhl.de\/wp-content\/uploads\/2021\/07\/ds_.jpg 1800w, https:\/\/sszsuhl.de\/wp-content\/uploads\/2021\/07\/ds_-300x200.jpg 300w, https:\/\/sszsuhl.de\/wp-content\/uploads\/2021\/07\/ds_-1024x683.jpg 1024w, https:\/\/sszsuhl.de\/wp-content\/uploads\/2021\/07\/ds_-768x512.jpg 768w, https:\/\/sszsuhl.de\/wp-content\/uploads\/2021\/07\/ds_-391x260.jpg 391w, https:\/\/sszsuhl.de\/wp-content\/uploads\/2021\/07\/ds_-1536x1024.jpg 1536w, https:\/\/sszsuhl.de\/wp-content\/uploads\/2021\/07\/ds_-16x12.jpg 16w, https:\/\/sszsuhl.de\/wp-content\/uploads\/2021\/07\/ds_-360x240.jpg 360w\" sizes=\"(max-width: 1800px) 100vw, 1800px\" \/><\/div><div class=\"wp-block-getwid-person__content-wrapper\"><span class=\"wp-block-getwid-person__title\">Dirk Siewert<\/span><span class=\"wp-block-getwid-person__subtitle\">Schiessleiter Kugeldisziplinen &amp; Bogen | Handel<br>Shooting Instructor All Caliber Shooting &amp; Archery | Trade<br><\/span><p class=\"wp-block-getwid-person__content\">Tel: +49 3681 884165<br>Mail: shop@sszsuhl.de<\/p>\n<div class=\"wp-block-getwid-social-links has-default-spacing\"><ul class=\"wp-block-getwid-social-links__list getwid-justify-content-center\"><li class=\"wp-block-getwid-social-links__item\"><a class=\"wp-block-getwid-social-links__link\" href=\"tel:+493681884165\" target=\"_blank\" rel=\"noreferrer noopener\"><span class=\"wp-block-getwid-social-links__wrapper\"><i class=\"fas fa-phone\"><\/i><\/span><\/a><\/li><li class=\"wp-block-getwid-social-links__item\"><a class=\"wp-block-getwid-social-links__link\" href=\"mailto:shop@sszsuhl.de\" target=\"_blank\" rel=\"noreferrer noopener\"><span class=\"wp-block-getwid-social-links__wrapper\"><i class=\"far fa-envelope\"><\/i><\/span><\/a><\/li><\/ul><\/div>\n<\/div><\/div>\n\n\n\n<hr class=\"wp-block-separator has-alpha-channel-opacity\"\/>\n\n\n\n<p style=\"text-align: center;\">Wir vereinbaren gerne einen Termin zu den \u00d6ffnungszeiten des SSZ Suhl.<\/p>\n\n\n\n<hr class=\"wp-block-separator has-alpha-channel-opacity\"\/>\n\n\n\n<p style=\"text-align: center;\"><strong>Standort Shop<\/strong><\/p>\n\n\n\n<iframe src=\"https:\/\/www.google.com\/maps\/embed?pb=!1m17!1m12!1m3!1d5066.927369904962!2d10.70995915402763!3d50.58133440631066!2m3!1f0!2f0!3f0!3m2!1i1024!2i768!4f13.1!3m2!1m1!2zNTDCsDM0JzUyLjgiTiAxMMKwNDInNTQuNCJF!5e0!3m2!1sde!2sde!4v1689189660210!5m2!1sde!2sde\" style=\"border:0;\" allowfullscreen=\"\" loading=\"lazy\" width=\"100%\" height=\"400\"><\/iframe>\n\n\n\n<p style=\"text-align: center;\">Auf unserem Gel\u00e4nde im S\u00fcdkomplex \/ Flintenstand.<\/p>\n<\/div>\n<\/div>","protected":false},"excerpt":{"rendered":"<p>Willkommen im Schie\u00dfsportzentrum Suhl &#8211; Ihrem Zentrum f\u00fcr professionellen Schie\u00dfsport! Wir freuen uns, Ihnen mitteilen zu k\u00f6nnen, dass wir eine aufregende Erg\u00e4nzung auf unserem Gel\u00e4nde haben: Unser brandneuer Shop, der exklusive Waffen der renommierten Firmen Blaser und Browning anbietet. Egal, ob Sie ein erfahrener Sch\u00fctze sind oder gerade erst in [&hellip;]<\/p>\n","protected":false},"author":1,"featured_media":849,"parent":0,"menu_order":0,"comment_status":"closed","ping_status":"closed","template":"page-templates\/template-fullwidth.php","meta":[],"_links":{"self":[{"href":"https:\/\/sszsuhl.de\/en\/wp-json\/wp\/v2\/pages\/2995"}],"collection":[{"href":"https:\/\/sszsuhl.de\/en\/wp-json\/wp\/v2\/pages"}],"about":[{"href":"https:\/\/sszsuhl.de\/en\/wp-json\/wp\/v2\/types\/page"}],"author":[{"embeddable":true,"href":"https:\/\/sszsuhl.de\/en\/wp-json\/wp\/v2\/users\/1"}],"replies":[{"embeddable":true,"href":"https:\/\/sszsuhl.de\/en\/wp-json\/wp\/v2\/comments?post=2995"}],"version-history":[{"count":13,"href":"https:\/\/sszsuhl.de\/en\/wp-json\/wp\/v2\/pages\/2995\/revisions"}],"predecessor-version":[{"id":3950,"href":"https:\/\/sszsuhl.de\/en\/wp-json\/wp\/v2\/pages\/2995\/revisions\/3950"}],"wp:featuredmedia":[{"embeddable":true,"href":"https:\/\/sszsuhl.de\/en\/wp-json\/wp\/v2\/media\/849"}],"wp:attachment":[{"href":"https:\/\/sszsuhl.de\/en\/wp-json\/wp\/v2\/media?parent=2995"}],"curies":[{"name":"wp","href":"https:\/\/api.w.org\/{rel}","templated":true}]}}