{"id":283,"date":"2021-03-14T14:26:48","date_gmt":"2021-03-14T13:26:48","guid":{"rendered":"http:\/\/localhost\/ssz\/hestia-front\/"},"modified":"2021-04-16T00:07:57","modified_gmt":"2021-04-15T22:07:57","slug":"hestia-front","status":"publish","type":"page","link":"https:\/\/sszsuhl.de\/en\/","title":{"rendered":"Front Page"},"content":{"rendered":"<h1>SSZ Suhl<\/h1>\n\n\n\n<p>Located on the outskirts of the traditional arms town of Suhl, embedded in the green of the Thuringian Forest and yet only a few minutes away from the highways 71\/73, our shooting sports center Suhl is an Olympic, International and National professional sports center. The 27 hectare sports facility offers numerous training stands for all Olympic and several non-Olympic shooting disciplines. We look back on 50 years of successful shooting sports as the host of World and European Championships, World Cups and countless national competitions. At our cosmopolitan sports facility, international and national cadre shooters train alongside club shooters and hunters. We also regularly welcome commercial gunsmiths and hunting schools to our facility, as well as corporate events for well-known companies. Schie\u00dfsportzentrum Suhl (SSZ) GmbH has been managing the training and competition facility since autumn 2016, which has been renowned in top international sport since 1971.<\/p>\n\n\n\n<p>     <\/p>\n\n\n\n<p>&nbsp;&nbsp;<\/p><p>&nbsp;&nbsp;<\/p>\n\n\n\n<p><\/p>","protected":false},"excerpt":{"rendered":"<p>SSZ Suhl An der Peripherie der traditionsreichen Waffenstadt Suhl gelegen, eingebettet in das Gr\u00fcn des Th\u00fcringer Waldes und dennoch nur wenige Minuten von den Autobahnen 71 \/ 73 entfernt, ist unser Schie\u00dfsportzentrum Suhl Olympia-, Bundes- und Landesst\u00fctzpunkt. Die 27 Hektar gro\u00dfe Sportanlage bietet zahlreiche Trainingsst\u00e4nde im Bereich aller olympischen und [&hellip;]<\/p>\n","protected":false},"author":1,"featured_media":832,"parent":0,"menu_order":0,"comment_status":"closed","ping_status":"closed","template":"","meta":[],"_links":{"self":[{"href":"https:\/\/sszsuhl.de\/en\/wp-json\/wp\/v2\/pages\/283"}],"collection":[{"href":"https:\/\/sszsuhl.de\/en\/wp-json\/wp\/v2\/pages"}],"about":[{"href":"https:\/\/sszsuhl.de\/en\/wp-json\/wp\/v2\/types\/page"}],"author":[{"embeddable":true,"href":"https:\/\/sszsuhl.de\/en\/wp-json\/wp\/v2\/users\/1"}],"replies":[{"embeddable":true,"href":"https:\/\/sszsuhl.de\/en\/wp-json\/wp\/v2\/comments?post=283"}],"version-history":[{"count":8,"href":"https:\/\/sszsuhl.de\/en\/wp-json\/wp\/v2\/pages\/283\/revisions"}],"predecessor-version":[{"id":648,"href":"https:\/\/sszsuhl.de\/en\/wp-json\/wp\/v2\/pages\/283\/revisions\/648"}],"wp:featuredmedia":[{"embeddable":true,"href":"https:\/\/sszsuhl.de\/en\/wp-json\/wp\/v2\/media\/832"}],"wp:attachment":[{"href":"https:\/\/sszsuhl.de\/en\/wp-json\/wp\/v2\/media?parent=283"}],"curies":[{"name":"wp","href":"https:\/\/api.w.org\/{rel}","templated":true}]}}