{"id":1237,"date":"2021-07-29T01:21:37","date_gmt":"2021-07-28T23:21:37","guid":{"rendered":"http:\/\/192.168.178.102\/wordpress\/?page_id=1237"},"modified":"2021-08-06T10:18:01","modified_gmt":"2021-08-06T08:18:01","slug":"ueber-uns","status":"publish","type":"page","link":"https:\/\/sszsuhl.de\/en\/ueber-uns\/","title":{"rendered":"About us"},"content":{"rendered":"<p>The shooting sports center Suhl is the Olympic, federal and state base for sports shooting in the state of Thuringia.<br>Since October 2016 in the administration of Schie\u00dfsportzentrum Suhl (SSZ) GmbH, the shooting sports center offers all possibilities to meet these high standards.<br>The SSZ represents the ideal connection between competitive, popular and recreational sports and combines training and competition facilities for all Olympic and many non-Olympic shooting disciplines.<br>A sports hall, a sauna area and a weight room complete the sporting offer.<\/p>\n\n\n\n<p>In order to be able to accommodate active people, organizers and officials, a sports pension is available directly connected to the main building.<br>With this combination - ideal training conditions, sauna, weight room and guesthouse including full service - the execution of training camps for national and international athletes and high-level competitions is possible.<\/p>\n\n\n\n<p>In addition to competitive athletes, hobby shooters will also find ideal training conditions.<br>Those who call hunting their passion can practice their skills in the shooting sports center and have the required proof of shooting confirmed.<br>The SSZ also has exciting offers for interested parties who are not active shooters.<\/p>\n\n\n\n<p>In addition to the equipment required for competitive sports, the SSZ has several consulting and guest rooms. This enables the SSZ to be used for training courses or conferences as well as for events - business or private.<\/p>\n\n\n\n<p>The sports pension is not only reserved for the active, every visitor or interested party can comfortably spend the night in the facility.<br>In addition to the overnight stay, supply with individual meals up to all inclusive can be booked.<\/p>\n\n\n\n<p>Our professional and committed team takes care of all matters and is happy to be there for you.<br><\/p>\n\n\n\n<div class=\"wp-block-getwid-images-slider has-arrows-inside has-dots-inside has-images-center has-cropped-images\"><div class=\"wp-block-getwid-images-slider__wrapper\" data-effect=\"slide\" data-slides-show=\"1\" data-slides-show-laptop=\"1\" data-slides-show-tablet=\"1\" data-slides-show-mobile=\"1\" data-slides-scroll=\"1\" data-autoplay=\"true\" data-autoplay-speed=\"5000\" data-infinite=\"true\" data-animation-speed=\"800\" data-center-mode=\"false\" data-variable-width=\"false\" data-arrows=\"inside\" data-dots=\"inside\" data-spacing=\"none\"><div class=\"wp-block-getwid-images-slider__item\"><figure><img decoding=\"async\" loading=\"lazy\" width=\"5568\" height=\"3712\" src=\"https:\/\/sszsuhl.de\/wp-content\/uploads\/2021\/07\/Schiesssportzentrum_Suhl_054_.png\" data-id=\"815\" data-link=\"https:\/\/sszsuhl.de\/schiesssportzentrum_suhl_054_\/\" data-original-link=\"https:\/\/sszsuhl.de\/wp-content\/uploads\/2021\/07\/Schiesssportzentrum_Suhl_054_.png\" class=\"wp-block-getwid-images-slider__image wp-image-815\" srcset=\"https:\/\/sszsuhl.de\/wp-content\/uploads\/2021\/07\/Schiesssportzentrum_Suhl_054_.png 5568w, https:\/\/sszsuhl.de\/wp-content\/uploads\/2021\/07\/Schiesssportzentrum_Suhl_054_-300x200.png 300w, https:\/\/sszsuhl.de\/wp-content\/uploads\/2021\/07\/Schiesssportzentrum_Suhl_054_-1024x683.png 1024w, https:\/\/sszsuhl.de\/wp-content\/uploads\/2021\/07\/Schiesssportzentrum_Suhl_054_-768x512.png 768w, https:\/\/sszsuhl.de\/wp-content\/uploads\/2021\/07\/Schiesssportzentrum_Suhl_054_-391x260.png 391w, https:\/\/sszsuhl.de\/wp-content\/uploads\/2021\/07\/Schiesssportzentrum_Suhl_054_-1536x1024.png 1536w, https:\/\/sszsuhl.de\/wp-content\/uploads\/2021\/07\/Schiesssportzentrum_Suhl_054_-2048x1365.png 2048w, https:\/\/sszsuhl.de\/wp-content\/uploads\/2021\/07\/Schiesssportzentrum_Suhl_054_-16x12.png 16w, https:\/\/sszsuhl.de\/wp-content\/uploads\/2021\/07\/Schiesssportzentrum_Suhl_054_-360x240.png 360w\" sizes=\"(max-width: 5568px) 100vw, 5568px\" \/><\/figure><\/div><div class=\"wp-block-getwid-images-slider__item\"><figure><img decoding=\"async\" loading=\"lazy\" width=\"2560\" height=\"1707\" src=\"https:\/\/sszsuhl.de\/wp-content\/uploads\/2021\/07\/Schiesssportzentrum_Suhl_013-scaled.jpg\" data-id=\"1027\" data-link=\"https:\/\/sszsuhl.de\/schiesssportzentrum_suhl_013\/\" data-original-link=\"https:\/\/sszsuhl.de\/wp-content\/uploads\/2021\/07\/Schiesssportzentrum_Suhl_013-scaled.jpg\" class=\"wp-block-getwid-images-slider__image wp-image-1027\" srcset=\"https:\/\/sszsuhl.de\/wp-content\/uploads\/2021\/07\/Schiesssportzentrum_Suhl_013-scaled.jpg?v=1625525442 2560w, https:\/\/sszsuhl.de\/wp-content\/uploads\/2021\/07\/Schiesssportzentrum_Suhl_013-300x200.jpg?v=1625525442 300w, https:\/\/sszsuhl.de\/wp-content\/uploads\/2021\/07\/Schiesssportzentrum_Suhl_013-1024x683.jpg?v=1625525442 1024w, https:\/\/sszsuhl.de\/wp-content\/uploads\/2021\/07\/Schiesssportzentrum_Suhl_013-768x512.jpg?v=1625525442 768w, https:\/\/sszsuhl.de\/wp-content\/uploads\/2021\/07\/Schiesssportzentrum_Suhl_013-391x260.jpg?v=1625525442 391w, https:\/\/sszsuhl.de\/wp-content\/uploads\/2021\/07\/Schiesssportzentrum_Suhl_013-1536x1024.jpg?v=1625525442 1536w, https:\/\/sszsuhl.de\/wp-content\/uploads\/2021\/07\/Schiesssportzentrum_Suhl_013-2048x1365.jpg?v=1625525442 2048w, https:\/\/sszsuhl.de\/wp-content\/uploads\/2021\/07\/Schiesssportzentrum_Suhl_013-16x12.jpg?v=1625525442 16w, https:\/\/sszsuhl.de\/wp-content\/uploads\/2021\/07\/Schiesssportzentrum_Suhl_013-360x240.jpg?v=1625525442 360w\" sizes=\"(max-width: 2560px) 100vw, 2560px\" \/><\/figure><\/div><div class=\"wp-block-getwid-images-slider__item\"><figure><img decoding=\"async\" loading=\"lazy\" width=\"2560\" height=\"1707\" src=\"https:\/\/sszsuhl.de\/wp-content\/uploads\/2021\/07\/Schiesssportzentrum_Suhl_039-scaled.jpg\" data-id=\"1036\" data-link=\"https:\/\/sszsuhl.de\/schiesssportzentrum_suhl_039\/\" data-original-link=\"https:\/\/sszsuhl.de\/wp-content\/uploads\/2021\/07\/Schiesssportzentrum_Suhl_039-scaled.jpg\" class=\"wp-block-getwid-images-slider__image wp-image-1036\" srcset=\"https:\/\/sszsuhl.de\/wp-content\/uploads\/2021\/07\/Schiesssportzentrum_Suhl_039-scaled.jpg?v=1625525434 2560w, https:\/\/sszsuhl.de\/wp-content\/uploads\/2021\/07\/Schiesssportzentrum_Suhl_039-300x200.jpg?v=1625525434 300w, https:\/\/sszsuhl.de\/wp-content\/uploads\/2021\/07\/Schiesssportzentrum_Suhl_039-1024x683.jpg?v=1625525434 1024w, https:\/\/sszsuhl.de\/wp-content\/uploads\/2021\/07\/Schiesssportzentrum_Suhl_039-768x512.jpg?v=1625525434 768w, https:\/\/sszsuhl.de\/wp-content\/uploads\/2021\/07\/Schiesssportzentrum_Suhl_039-391x260.jpg?v=1625525434 391w, https:\/\/sszsuhl.de\/wp-content\/uploads\/2021\/07\/Schiesssportzentrum_Suhl_039-1536x1024.jpg?v=1625525434 1536w, https:\/\/sszsuhl.de\/wp-content\/uploads\/2021\/07\/Schiesssportzentrum_Suhl_039-2048x1365.jpg?v=1625525434 2048w, https:\/\/sszsuhl.de\/wp-content\/uploads\/2021\/07\/Schiesssportzentrum_Suhl_039-16x12.jpg?v=1625525434 16w, https:\/\/sszsuhl.de\/wp-content\/uploads\/2021\/07\/Schiesssportzentrum_Suhl_039-360x240.jpg?v=1625525434 360w\" sizes=\"(max-width: 2560px) 100vw, 2560px\" \/><\/figure><\/div><div class=\"wp-block-getwid-images-slider__item\"><figure><img decoding=\"async\" loading=\"lazy\" width=\"2560\" height=\"1707\" src=\"https:\/\/sszsuhl.de\/wp-content\/uploads\/2021\/07\/Schiesssportzentrum_Suhl_159-scaled.jpg\" data-id=\"939\" data-link=\"https:\/\/sszsuhl.de\/schiesssportzentrum_suhl_159\/\" data-original-link=\"https:\/\/sszsuhl.de\/wp-content\/uploads\/2021\/07\/Schiesssportzentrum_Suhl_159-scaled.jpg\" class=\"wp-block-getwid-images-slider__image wp-image-939\" srcset=\"https:\/\/sszsuhl.de\/wp-content\/uploads\/2021\/07\/Schiesssportzentrum_Suhl_159-scaled.jpg?v=1625525518 2560w, https:\/\/sszsuhl.de\/wp-content\/uploads\/2021\/07\/Schiesssportzentrum_Suhl_159-300x200.jpg?v=1625525518 300w, https:\/\/sszsuhl.de\/wp-content\/uploads\/2021\/07\/Schiesssportzentrum_Suhl_159-1024x683.jpg?v=1625525518 1024w, https:\/\/sszsuhl.de\/wp-content\/uploads\/2021\/07\/Schiesssportzentrum_Suhl_159-768x512.jpg?v=1625525518 768w, https:\/\/sszsuhl.de\/wp-content\/uploads\/2021\/07\/Schiesssportzentrum_Suhl_159-391x260.jpg?v=1625525518 391w, https:\/\/sszsuhl.de\/wp-content\/uploads\/2021\/07\/Schiesssportzentrum_Suhl_159-1536x1024.jpg?v=1625525518 1536w, https:\/\/sszsuhl.de\/wp-content\/uploads\/2021\/07\/Schiesssportzentrum_Suhl_159-2048x1365.jpg?v=1625525518 2048w, https:\/\/sszsuhl.de\/wp-content\/uploads\/2021\/07\/Schiesssportzentrum_Suhl_159-16x12.jpg?v=1625525518 16w, https:\/\/sszsuhl.de\/wp-content\/uploads\/2021\/07\/Schiesssportzentrum_Suhl_159-360x240.jpg?v=1625525518 360w\" sizes=\"(max-width: 2560px) 100vw, 2560px\" \/><\/figure><\/div><\/div><\/div>\n\n\n\n<div style=\"height:100px\" aria-hidden=\"true\" class=\"wp-block-spacer\"><\/div>","protected":false},"excerpt":{"rendered":"<p>Das Schie\u00dfsportzentrum Suhl ist Olympia-, Bundes- und Landesst\u00fctzpunkt f\u00fcr Sportschie\u00dfen des Landes Th\u00fcringen.Seit Oktober 2016 in Verwaltung der Schie\u00dfsportzentrum Suhl (SSZ) GmbH, bietet das Schie\u00dfsportzentrum alle M\u00f6glichkeiten, um diesem hohen Anspruch gerecht zu werden.Das SSZ stellt die ideale Verbindung zwischen Leistungs-, Breiten- und Freizeitsport dar. und vereint Trainings- und Wettkampfst\u00e4tten [&hellip;]<\/p>\n","protected":false},"author":1,"featured_media":1012,"parent":0,"menu_order":0,"comment_status":"closed","ping_status":"closed","template":"","meta":[],"_links":{"self":[{"href":"https:\/\/sszsuhl.de\/en\/wp-json\/wp\/v2\/pages\/1237"}],"collection":[{"href":"https:\/\/sszsuhl.de\/en\/wp-json\/wp\/v2\/pages"}],"about":[{"href":"https:\/\/sszsuhl.de\/en\/wp-json\/wp\/v2\/types\/page"}],"author":[{"embeddable":true,"href":"https:\/\/sszsuhl.de\/en\/wp-json\/wp\/v2\/users\/1"}],"replies":[{"embeddable":true,"href":"https:\/\/sszsuhl.de\/en\/wp-json\/wp\/v2\/comments?post=1237"}],"version-history":[{"count":4,"href":"https:\/\/sszsuhl.de\/en\/wp-json\/wp\/v2\/pages\/1237\/revisions"}],"predecessor-version":[{"id":1289,"href":"https:\/\/sszsuhl.de\/en\/wp-json\/wp\/v2\/pages\/1237\/revisions\/1289"}],"wp:featuredmedia":[{"embeddable":true,"href":"https:\/\/sszsuhl.de\/en\/wp-json\/wp\/v2\/media\/1012"}],"wp:attachment":[{"href":"https:\/\/sszsuhl.de\/en\/wp-json\/wp\/v2\/media?parent=1237"}],"curies":[{"name":"wp","href":"https:\/\/api.w.org\/{rel}","templated":true}]}}