{"id":1233,"date":"2021-07-29T01:14:44","date_gmt":"2021-07-28T23:14:44","guid":{"rendered":"http:\/\/192.168.178.102\/wordpress\/?page_id=1233"},"modified":"2022-09-17T21:30:12","modified_gmt":"2022-09-17T19:30:12","slug":"gutscheine","status":"publish","type":"page","link":"https:\/\/sszsuhl.de\/en\/gutscheine\/","title":{"rendered":"Vouchers"},"content":{"rendered":"<p>Are you looking for a special gift?<br>With a voucher from us, you have the opportunity to have exactly this: a very special present.<\/p>\n\n\n\n<p>From shooting with an air rifle to training lessons for a specific discipline, you can book everything that we can carry out in the SSZ.<\/p>\n\n\n\n<p>Neben einem Gutschein mit ausgewiesenem Betrag k\u00f6nnen wir auf Wunsch den Gutschein so gestalten, dass der Beschenkte zwar sieht, welche Leistung er mit dem Gutschein bekommt, aber der Betrag geheim bleibt.<\/p>\n\n\n\n<p>Ask us, we will advise you. By using the <a href=\"https:\/\/sszsuhl.de\/en\/wordpress\/kontakt\/\" data-type=\"page\" data-id=\"727\">Contact form <\/a>you can already tell us certain ideas about the shooting you want to give away and the intended price amount of the voucher.<\/p>\n\n\n\n<div style=\"height:100px\" aria-hidden=\"true\" class=\"wp-block-spacer\"><\/div>","protected":false},"excerpt":{"rendered":"<p>Sie suchen ein etwas anderes Geschenk?Mit einem Gutschein haben Sie die M\u00f6glichkeit, genau das zu erreichen. Vom Schie\u00dfen mit dem Luftgewehr bis hin zu Trainerstunden f\u00fcr eine bestimmte Disziplin k\u00f6nnen Sie all das buchen, was im SSZ umsetzbar ist. Neben einem Gutschein mit ausgewiesenem Betrag k\u00f6nnen wir auf Wunsch den [&hellip;]<\/p>\n","protected":false},"author":1,"featured_media":268,"parent":0,"menu_order":0,"comment_status":"closed","ping_status":"closed","template":"","meta":[],"_links":{"self":[{"href":"https:\/\/sszsuhl.de\/en\/wp-json\/wp\/v2\/pages\/1233"}],"collection":[{"href":"https:\/\/sszsuhl.de\/en\/wp-json\/wp\/v2\/pages"}],"about":[{"href":"https:\/\/sszsuhl.de\/en\/wp-json\/wp\/v2\/types\/page"}],"author":[{"embeddable":true,"href":"https:\/\/sszsuhl.de\/en\/wp-json\/wp\/v2\/users\/1"}],"replies":[{"embeddable":true,"href":"https:\/\/sszsuhl.de\/en\/wp-json\/wp\/v2\/comments?post=1233"}],"version-history":[{"count":4,"href":"https:\/\/sszsuhl.de\/en\/wp-json\/wp\/v2\/pages\/1233\/revisions"}],"predecessor-version":[{"id":2407,"href":"https:\/\/sszsuhl.de\/en\/wp-json\/wp\/v2\/pages\/1233\/revisions\/2407"}],"wp:featuredmedia":[{"embeddable":true,"href":"https:\/\/sszsuhl.de\/en\/wp-json\/wp\/v2\/media\/268"}],"wp:attachment":[{"href":"https:\/\/sszsuhl.de\/en\/wp-json\/wp\/v2\/media?parent=1233"}],"curies":[{"name":"wp","href":"https:\/\/api.w.org\/{rel}","templated":true}]}}