{"id":1162,"date":"2021-07-28T23:24:36","date_gmt":"2021-07-28T21:24:36","guid":{"rendered":"http:\/\/192.168.178.102\/wordpress\/?page_id=1162"},"modified":"2022-07-25T01:00:20","modified_gmt":"2022-07-24T23:00:20","slug":"sportpension","status":"publish","type":"page","link":"https:\/\/sszsuhl.de\/en\/sportpension\/","title":{"rendered":"Guesthouse"},"content":{"rendered":"<div class=\"wp-block-themeisle-blocks-advanced-columns has-1-columns has-desktop-equal-layout has-tablet-equal-layout has-mobile-equal-layout has-default-gap has-vertical-unset\" id=\"wp-block-themeisle-blocks-advanced-columns-295b6452\"><div class=\"wp-block-themeisle-blocks-advanced-columns-overlay\"><\/div><div class=\"innerblocks-wrap\">\n<div class=\"wp-block-themeisle-blocks-advanced-column\" id=\"wp-block-themeisle-blocks-advanced-column-bb1797ba\">\n<p>In k\u00fcrze gibt das Schie\u00dfsportzentrum Suhl f\u00fcr seine Sportpension mit angeschlossener Gastronomie neue Informationen bekannt.<\/p>\n\n\n\n<p><\/p>\n<\/div>\n<\/div><\/div>\n\n\n\n<div class=\"wp-block-getwid-images-slider has-arrows-inside has-dots-inside has-images-center has-cropped-images\"><div class=\"wp-block-getwid-images-slider__wrapper\" data-effect=\"slide\" data-slides-show=\"1\" data-slides-show-laptop=\"1\" data-slides-show-tablet=\"1\" data-slides-show-mobile=\"1\" data-slides-scroll=\"1\" data-autoplay=\"true\" data-autoplay-speed=\"5000\" data-infinite=\"true\" data-animation-speed=\"800\" data-center-mode=\"false\" data-variable-width=\"false\" data-arrows=\"inside\" data-dots=\"inside\" data-spacing=\"none\"><div class=\"wp-block-getwid-images-slider__item\"><figure><img decoding=\"async\" loading=\"lazy\" width=\"2560\" height=\"1707\" src=\"https:\/\/sszsuhl.de\/wp-content\/uploads\/2021\/07\/Schiesssportzentrum_Suhl_016-scaled.jpg\" data-id=\"995\" data-link=\"https:\/\/sszsuhl.de\/schiesssportzentrum_suhl_016\/\" data-original-link=\"https:\/\/sszsuhl.de\/wp-content\/uploads\/2021\/07\/Schiesssportzentrum_Suhl_016-scaled.jpg\" class=\"wp-block-getwid-images-slider__image wp-image-995\" srcset=\"https:\/\/sszsuhl.de\/wp-content\/uploads\/2021\/07\/Schiesssportzentrum_Suhl_016-scaled.jpg?v=1625525470 2560w, https:\/\/sszsuhl.de\/wp-content\/uploads\/2021\/07\/Schiesssportzentrum_Suhl_016-300x200.jpg?v=1625525470 300w, https:\/\/sszsuhl.de\/wp-content\/uploads\/2021\/07\/Schiesssportzentrum_Suhl_016-1024x683.jpg?v=1625525470 1024w, https:\/\/sszsuhl.de\/wp-content\/uploads\/2021\/07\/Schiesssportzentrum_Suhl_016-768x512.jpg?v=1625525470 768w, https:\/\/sszsuhl.de\/wp-content\/uploads\/2021\/07\/Schiesssportzentrum_Suhl_016-391x260.jpg?v=1625525470 391w, https:\/\/sszsuhl.de\/wp-content\/uploads\/2021\/07\/Schiesssportzentrum_Suhl_016-1536x1024.jpg?v=1625525470 1536w, https:\/\/sszsuhl.de\/wp-content\/uploads\/2021\/07\/Schiesssportzentrum_Suhl_016-2048x1365.jpg?v=1625525470 2048w, https:\/\/sszsuhl.de\/wp-content\/uploads\/2021\/07\/Schiesssportzentrum_Suhl_016-16x12.jpg?v=1625525470 16w, https:\/\/sszsuhl.de\/wp-content\/uploads\/2021\/07\/Schiesssportzentrum_Suhl_016-360x240.jpg?v=1625525470 360w\" sizes=\"(max-width: 2560px) 100vw, 2560px\" \/><\/figure><\/div><div class=\"wp-block-getwid-images-slider__item\"><figure><img decoding=\"async\" loading=\"lazy\" width=\"2560\" height=\"1707\" src=\"https:\/\/sszsuhl.de\/wp-content\/uploads\/2021\/07\/Schiesssportzentrum_Suhl_033-scaled.jpg\" data-id=\"1012\" data-link=\"https:\/\/sszsuhl.de\/schiesssportzentrum_suhl_033\/\" data-original-link=\"https:\/\/sszsuhl.de\/wp-content\/uploads\/2021\/07\/Schiesssportzentrum_Suhl_033-scaled.jpg\" class=\"wp-block-getwid-images-slider__image wp-image-1012\" srcset=\"https:\/\/sszsuhl.de\/wp-content\/uploads\/2021\/07\/Schiesssportzentrum_Suhl_033-scaled.jpg?v=1625525455 2560w, https:\/\/sszsuhl.de\/wp-content\/uploads\/2021\/07\/Schiesssportzentrum_Suhl_033-300x200.jpg?v=1625525455 300w, https:\/\/sszsuhl.de\/wp-content\/uploads\/2021\/07\/Schiesssportzentrum_Suhl_033-1024x683.jpg?v=1625525455 1024w, https:\/\/sszsuhl.de\/wp-content\/uploads\/2021\/07\/Schiesssportzentrum_Suhl_033-768x512.jpg?v=1625525455 768w, https:\/\/sszsuhl.de\/wp-content\/uploads\/2021\/07\/Schiesssportzentrum_Suhl_033-391x260.jpg?v=1625525455 391w, https:\/\/sszsuhl.de\/wp-content\/uploads\/2021\/07\/Schiesssportzentrum_Suhl_033-1536x1024.jpg?v=1625525455 1536w, https:\/\/sszsuhl.de\/wp-content\/uploads\/2021\/07\/Schiesssportzentrum_Suhl_033-2048x1365.jpg?v=1625525455 2048w, https:\/\/sszsuhl.de\/wp-content\/uploads\/2021\/07\/Schiesssportzentrum_Suhl_033-16x12.jpg?v=1625525455 16w, https:\/\/sszsuhl.de\/wp-content\/uploads\/2021\/07\/Schiesssportzentrum_Suhl_033-360x240.jpg?v=1625525455 360w\" sizes=\"(max-width: 2560px) 100vw, 2560px\" \/><\/figure><\/div><div class=\"wp-block-getwid-images-slider__item\"><figure><img decoding=\"async\" loading=\"lazy\" width=\"2560\" height=\"1707\" src=\"https:\/\/sszsuhl.de\/wp-content\/uploads\/2021\/07\/Schiesssportzentrum_Suhl_023-scaled.jpg\" data-id=\"1002\" data-link=\"https:\/\/sszsuhl.de\/schiesssportzentrum_suhl_023\/\" data-original-link=\"https:\/\/sszsuhl.de\/wp-content\/uploads\/2021\/07\/Schiesssportzentrum_Suhl_023-scaled.jpg\" class=\"wp-block-getwid-images-slider__image wp-image-1002\" srcset=\"https:\/\/sszsuhl.de\/wp-content\/uploads\/2021\/07\/Schiesssportzentrum_Suhl_023-scaled.jpg?v=1625525464 2560w, https:\/\/sszsuhl.de\/wp-content\/uploads\/2021\/07\/Schiesssportzentrum_Suhl_023-300x200.jpg?v=1625525464 300w, https:\/\/sszsuhl.de\/wp-content\/uploads\/2021\/07\/Schiesssportzentrum_Suhl_023-1024x683.jpg?v=1625525464 1024w, https:\/\/sszsuhl.de\/wp-content\/uploads\/2021\/07\/Schiesssportzentrum_Suhl_023-768x512.jpg?v=1625525464 768w, https:\/\/sszsuhl.de\/wp-content\/uploads\/2021\/07\/Schiesssportzentrum_Suhl_023-391x260.jpg?v=1625525464 391w, https:\/\/sszsuhl.de\/wp-content\/uploads\/2021\/07\/Schiesssportzentrum_Suhl_023-1536x1024.jpg?v=1625525464 1536w, https:\/\/sszsuhl.de\/wp-content\/uploads\/2021\/07\/Schiesssportzentrum_Suhl_023-2048x1365.jpg?v=1625525464 2048w, https:\/\/sszsuhl.de\/wp-content\/uploads\/2021\/07\/Schiesssportzentrum_Suhl_023-16x12.jpg?v=1625525464 16w, https:\/\/sszsuhl.de\/wp-content\/uploads\/2021\/07\/Schiesssportzentrum_Suhl_023-360x240.jpg?v=1625525464 360w\" sizes=\"(max-width: 2560px) 100vw, 2560px\" \/><\/figure><\/div><div class=\"wp-block-getwid-images-slider__item\"><figure><img decoding=\"async\" loading=\"lazy\" width=\"2560\" height=\"1707\" src=\"https:\/\/sszsuhl.de\/wp-content\/uploads\/2021\/07\/Schiesssportzentrum_Suhl_027-scaled.jpg\" data-id=\"1006\" data-link=\"https:\/\/sszsuhl.de\/schiesssportzentrum_suhl_027\/\" data-original-link=\"https:\/\/sszsuhl.de\/wp-content\/uploads\/2021\/07\/Schiesssportzentrum_Suhl_027-scaled.jpg\" class=\"wp-block-getwid-images-slider__image wp-image-1006\" srcset=\"https:\/\/sszsuhl.de\/wp-content\/uploads\/2021\/07\/Schiesssportzentrum_Suhl_027-scaled.jpg?v=1625525460 2560w, https:\/\/sszsuhl.de\/wp-content\/uploads\/2021\/07\/Schiesssportzentrum_Suhl_027-300x200.jpg?v=1625525460 300w, https:\/\/sszsuhl.de\/wp-content\/uploads\/2021\/07\/Schiesssportzentrum_Suhl_027-1024x683.jpg?v=1625525460 1024w, https:\/\/sszsuhl.de\/wp-content\/uploads\/2021\/07\/Schiesssportzentrum_Suhl_027-768x512.jpg?v=1625525460 768w, https:\/\/sszsuhl.de\/wp-content\/uploads\/2021\/07\/Schiesssportzentrum_Suhl_027-391x260.jpg?v=1625525460 391w, https:\/\/sszsuhl.de\/wp-content\/uploads\/2021\/07\/Schiesssportzentrum_Suhl_027-1536x1024.jpg?v=1625525460 1536w, https:\/\/sszsuhl.de\/wp-content\/uploads\/2021\/07\/Schiesssportzentrum_Suhl_027-2048x1365.jpg?v=1625525460 2048w, https:\/\/sszsuhl.de\/wp-content\/uploads\/2021\/07\/Schiesssportzentrum_Suhl_027-16x12.jpg?v=1625525460 16w, https:\/\/sszsuhl.de\/wp-content\/uploads\/2021\/07\/Schiesssportzentrum_Suhl_027-360x240.jpg?v=1625525460 360w\" sizes=\"(max-width: 2560px) 100vw, 2560px\" \/><\/figure><\/div><div class=\"wp-block-getwid-images-slider__item\"><figure><img decoding=\"async\" loading=\"lazy\" width=\"2560\" height=\"1707\" src=\"https:\/\/sszsuhl.de\/wp-content\/uploads\/2021\/07\/Schiesssportzentrum_Suhl_030-scaled.jpg\" data-id=\"1009\" data-link=\"https:\/\/sszsuhl.de\/schiesssportzentrum_suhl_030\/\" data-original-link=\"https:\/\/sszsuhl.de\/wp-content\/uploads\/2021\/07\/Schiesssportzentrum_Suhl_030-scaled.jpg\" class=\"wp-block-getwid-images-slider__image wp-image-1009\" srcset=\"https:\/\/sszsuhl.de\/wp-content\/uploads\/2021\/07\/Schiesssportzentrum_Suhl_030-scaled.jpg?v=1625525458 2560w, https:\/\/sszsuhl.de\/wp-content\/uploads\/2021\/07\/Schiesssportzentrum_Suhl_030-300x200.jpg?v=1625525458 300w, https:\/\/sszsuhl.de\/wp-content\/uploads\/2021\/07\/Schiesssportzentrum_Suhl_030-1024x683.jpg?v=1625525458 1024w, https:\/\/sszsuhl.de\/wp-content\/uploads\/2021\/07\/Schiesssportzentrum_Suhl_030-768x512.jpg?v=1625525458 768w, https:\/\/sszsuhl.de\/wp-content\/uploads\/2021\/07\/Schiesssportzentrum_Suhl_030-391x260.jpg?v=1625525458 391w, https:\/\/sszsuhl.de\/wp-content\/uploads\/2021\/07\/Schiesssportzentrum_Suhl_030-1536x1024.jpg?v=1625525458 1536w, https:\/\/sszsuhl.de\/wp-content\/uploads\/2021\/07\/Schiesssportzentrum_Suhl_030-2048x1365.jpg?v=1625525458 2048w, https:\/\/sszsuhl.de\/wp-content\/uploads\/2021\/07\/Schiesssportzentrum_Suhl_030-16x12.jpg?v=1625525458 16w, https:\/\/sszsuhl.de\/wp-content\/uploads\/2021\/07\/Schiesssportzentrum_Suhl_030-360x240.jpg?v=1625525458 360w\" sizes=\"(max-width: 2560px) 100vw, 2560px\" \/><\/figure><\/div><div class=\"wp-block-getwid-images-slider__item\"><figure><img decoding=\"async\" loading=\"lazy\" width=\"2560\" height=\"1707\" src=\"https:\/\/sszsuhl.de\/wp-content\/uploads\/2021\/07\/Schiesssportzentrum_Suhl_012-scaled.jpg\" data-id=\"1026\" data-link=\"https:\/\/sszsuhl.de\/schiesssportzentrum_suhl_012\/\" data-original-link=\"https:\/\/sszsuhl.de\/wp-content\/uploads\/2021\/07\/Schiesssportzentrum_Suhl_012-scaled.jpg\" class=\"wp-block-getwid-images-slider__image wp-image-1026\" srcset=\"https:\/\/sszsuhl.de\/wp-content\/uploads\/2021\/07\/Schiesssportzentrum_Suhl_012-scaled.jpg?v=1625525443 2560w, https:\/\/sszsuhl.de\/wp-content\/uploads\/2021\/07\/Schiesssportzentrum_Suhl_012-300x200.jpg?v=1625525443 300w, https:\/\/sszsuhl.de\/wp-content\/uploads\/2021\/07\/Schiesssportzentrum_Suhl_012-1024x683.jpg?v=1625525443 1024w, https:\/\/sszsuhl.de\/wp-content\/uploads\/2021\/07\/Schiesssportzentrum_Suhl_012-768x512.jpg?v=1625525443 768w, https:\/\/sszsuhl.de\/wp-content\/uploads\/2021\/07\/Schiesssportzentrum_Suhl_012-391x260.jpg?v=1625525443 391w, https:\/\/sszsuhl.de\/wp-content\/uploads\/2021\/07\/Schiesssportzentrum_Suhl_012-1536x1024.jpg?v=1625525443 1536w, https:\/\/sszsuhl.de\/wp-content\/uploads\/2021\/07\/Schiesssportzentrum_Suhl_012-2048x1365.jpg?v=1625525443 2048w, https:\/\/sszsuhl.de\/wp-content\/uploads\/2021\/07\/Schiesssportzentrum_Suhl_012-16x12.jpg?v=1625525443 16w, https:\/\/sszsuhl.de\/wp-content\/uploads\/2021\/07\/Schiesssportzentrum_Suhl_012-360x240.jpg?v=1625525443 360w\" sizes=\"(max-width: 2560px) 100vw, 2560px\" \/><\/figure><\/div><\/div><\/div>\n\n\n\n<div style=\"height:100px\" aria-hidden=\"true\" class=\"wp-block-spacer\"><\/div>","protected":false},"excerpt":{"rendered":"","protected":false},"author":1,"featured_media":994,"parent":0,"menu_order":0,"comment_status":"closed","ping_status":"closed","template":"","meta":[],"_links":{"self":[{"href":"https:\/\/sszsuhl.de\/en\/wp-json\/wp\/v2\/pages\/1162"}],"collection":[{"href":"https:\/\/sszsuhl.de\/en\/wp-json\/wp\/v2\/pages"}],"about":[{"href":"https:\/\/sszsuhl.de\/en\/wp-json\/wp\/v2\/types\/page"}],"author":[{"embeddable":true,"href":"https:\/\/sszsuhl.de\/en\/wp-json\/wp\/v2\/users\/1"}],"replies":[{"embeddable":true,"href":"https:\/\/sszsuhl.de\/en\/wp-json\/wp\/v2\/comments?post=1162"}],"version-history":[{"count":15,"href":"https:\/\/sszsuhl.de\/en\/wp-json\/wp\/v2\/pages\/1162\/revisions"}],"predecessor-version":[{"id":2262,"href":"https:\/\/sszsuhl.de\/en\/wp-json\/wp\/v2\/pages\/1162\/revisions\/2262"}],"wp:featuredmedia":[{"embeddable":true,"href":"https:\/\/sszsuhl.de\/en\/wp-json\/wp\/v2\/media\/994"}],"wp:attachment":[{"href":"https:\/\/sszsuhl.de\/en\/wp-json\/wp\/v2\/media?parent=1162"}],"curies":[{"name":"wp","href":"https:\/\/api.w.org\/{rel}","templated":true}]}}