{"id":1055,"date":"2021-07-06T22:57:48","date_gmt":"2021-07-06T20:57:48","guid":{"rendered":"http:\/\/192.168.178.102\/wordpress\/?page_id=1055"},"modified":"2023-06-17T12:30:08","modified_gmt":"2023-06-17T10:30:08","slug":"ergebnisse","status":"publish","type":"page","link":"https:\/\/sszsuhl.de\/en\/ergebnisse\/","title":{"rendered":"Results"},"content":{"rendered":"<p>An dieser Stelle gelangen Sie zu den Ergebnislisten der bei uns sowohl vom SSZ, durch Partner, Vereine oder Vereinigungen durchgef\u00fchrten Wettk\u00e4mpfe.<\/p>\n\n\n\n<p><em>Bitte beachten Sie: Die Schie\u00dfsportzentrum Suhl (SSZ) GmbH \u00fcbernimmt keinerlei Haftung f\u00fcr Inhalte von verlinkten Seiten Dritter.<\/em><\/p>\n\n\n\n\n\n\n\n<h2>Aktuelle Ergebnisse<\/h2>\n\n\n\n<figure class=\"wp-block-table\"><table><tbody><tr><td class=\"has-text-align-center\" data-align=\"center\"><span><b>Datum<\/b><\/span><\/td><td><span><b>Wettkampf<\/b><\/span><\/td><td><span><b>Discipline<\/b><\/span><\/td><\/tr><tr><td class=\"has-text-align-center\" data-align=\"center\">17.03.2023<br><em>und<\/em><br>18.03.2023<\/td><td>S\u00fcdth\u00fcringen Rangliste 22\/23<br>4. Wettkampf<\/td><td><a href=\"https:\/\/sszsuhl.de\/wp-content\/uploads\/2023\/03\/Ergebnisse_RL4_LG_LGA_LP_LPA.pdf\" target=\"_blank\" rel=\"noreferrer noopener\">Luftgewehr<\/a><a rel=\"noreferrer noopener\" href=\"https:\/\/sszsuhl.de\/wp-content\/uploads\/2022\/11\/WK_1_STH_RL2022_2023.pdf\" target=\"_blank\">\/-pistole<\/a><\/td><\/tr><tr><td class=\"has-text-align-center\" data-align=\"center\">24.02.2022<br><em>und<\/em><br>25.02.2022<\/td><td>S\u00fcdth\u00fcringen Rangliste 22\/23 <br>3. Wettkampf<\/td><td><a href=\"https:\/\/sszsuhl.de\/wp-content\/uploads\/2023\/03\/Ergebnisse_RL3_LG_LGA_LP_LPA.pdf\" target=\"_blank\" rel=\"noreferrer noopener\">Luftgewehr\/-pistole<\/a><\/td><\/tr><tr><td class=\"has-text-align-center\" data-align=\"center\">20.01.2023<br><em>und<\/em><br>21.01.2023<\/td><td>S\u00fcdth\u00fcringen Rangliste 22\/23<br>2. Wettkampf<\/td><td><a href=\"https:\/\/sszsuhl.de\/wp-content\/uploads\/2022\/06\/WK_2_STH_RL2022_2023.pdf\" target=\"_blank\" rel=\"noreferrer noopener\">Luftgewehr<\/a><a rel=\"noreferrer noopener\" href=\"https:\/\/sszsuhl.de\/wp-content\/uploads\/2022\/11\/WK_1_STH_RL2022_2023.pdf\" target=\"_blank\">\/-pistole<\/a><\/td><\/tr><tr><td class=\"has-text-align-center\" data-align=\"center\">25.11.2022<br><em>und<\/em><br>26.11.2022<\/td><td>S\u00fcdth\u00fcringen Rangliste 22\/23 <br>1. Wettkampf<\/td><td><a rel=\"noreferrer noopener\" href=\"https:\/\/sszsuhl.de\/wp-content\/uploads\/2022\/11\/WK_1_STH_RL2022_2023.pdf\" target=\"_blank\">Luftgewehr\/-pistole<\/a><\/td><\/tr><\/tbody><\/table><\/figure>\n\n\n\n<div style=\"height:40px\" aria-hidden=\"true\" class=\"wp-block-spacer\"><\/div>\n\n\n\n<h2>Archivierte Ergebnisse<\/h2>\n\n\n\n<div class=\"wp-block-getwid-accordion has-icon-left\" data-active-element=\"none\">\n<div class=\"wp-block-getwid-accordion__header-wrapper\"><span class=\"wp-block-getwid-accordion__header\"><a href=\"#\"><span class=\"wp-block-getwid-accordion__header-title\">2022<\/span><span class=\"wp-block-getwid-accordion__icon is-active\"><i class=\"fas fa-archive\"><\/i><\/span><span class=\"wp-block-getwid-accordion__icon is-passive\"><i class=\"far fa-minus-square\"><\/i><\/span><\/a><\/span><\/div><div class=\"wp-block-getwid-accordion__content-wrapper\"><div class=\"wp-block-getwid-accordion__content\">\n<figure class=\"wp-block-table\"><table><tbody><tr><td><strong>Datum<\/strong><\/td><td><strong>Wettkampf<\/strong><\/td><td><strong>Discipline<\/strong><\/td><\/tr><tr><td>15.05.2022<\/td><td>Kids Games<\/td><td><a href=\"https:\/\/sszsuhl.de\/wp-content\/uploads\/2022\/05\/WO_2022_Ergebnisse_Suhl.pdf\" target=\"_blank\" rel=\"noreferrer noopener\">Lichtgewehr\/-pistole<\/a><\/td><\/tr><tr><td>14.05.2022<\/td><td>Faszination Lichtschie\u00dfen<\/td><td><a href=\"https:\/\/sszsuhl.de\/wp-content\/uploads\/2022\/05\/Faszination_Lichtschiessen_Suhl_-Licht-.pdf\" target=\"_blank\" rel=\"noreferrer noopener\">Lichtgewehr\/-pistole<\/a><\/td><\/tr><\/tbody><\/table><\/figure>\n<\/div><\/div>\n<\/div>\n\n\n\n<div id=\"wp-block-themeisle-blocks-accordion-5f6c70d0\" class=\"wp-block-themeisle-blocks-accordion\">\n\n<details class=\"wp-block-themeisle-blocks-accordion-item\"><summary class=\"wp-block-themeisle-blocks-accordion-item__title\"><div><\/div><\/summary><div class=\"wp-block-themeisle-blocks-accordion-item__content\">\n\n<p><\/p>\n\n<\/div><\/details>\n\n<\/div>\n\n\n\n<div style=\"height:40px\" aria-hidden=\"true\" class=\"wp-block-spacer\"><\/div>\n\n\n\n<h2>Externe Ergebnislisten<\/h2>\n\n\n\n<div id=\"wp-block-themeisle-blocks-accordion-872a6b5f\" class=\"wp-block-themeisle-blocks-accordion\">\n\n<details class=\"wp-block-themeisle-blocks-accordion-item\"><summary class=\"wp-block-themeisle-blocks-accordion-item__title\"><div><\/div><\/summary><div class=\"wp-block-themeisle-blocks-accordion-item__content\">\n\n<p><\/p>\n\n<\/div><\/details>\n\n<\/div>\n\n\n\n<div id=\"wp-block-themeisle-blocks-button-group-ca0fc47a\" class=\"wp-block-themeisle-blocks-button-group collapse-mobile wp-block-buttons align-center\">\n\n<div id=\"wp-block-themeisle-blocks-button-45d5bf6f\" class=\"wp-block-themeisle-blocks-button wp-block-button is-style-fill\"><a href=\"\" target=\"_blank\" rel=\"noopener noreferrer\" class=\"wp-block-button__link\"><i class=\"fas fa-fw fa-medal margin-right\"><\/i><span>DSB Ergebnislisten<\/span><\/a><\/div>\n\n\n<div id=\"wp-block-themeisle-blocks-button-b7809d91\" class=\"wp-block-themeisle-blocks-button wp-block-button is-style-fill\"><a href=\"https:\/\/www.tsbev.de\/ergebnisse.html\" target=\"_blank\" rel=\"noopener noreferrer\" class=\"wp-block-button__link\"><i class=\"fas fa-fw fa-medal margin-right\"><\/i><span>TSB Ergebnislisten<\/span><\/a><\/div>\n\n\n<div id=\"wp-block-themeisle-blocks-button-86635769\" class=\"wp-block-themeisle-blocks-button wp-block-button is-style-fill\"><a href=\"\" target=\"_blank\" rel=\"noopener noreferrer\" class=\"wp-block-button__link\"><i class=\"fas fa-fw fa-medal margin-right\"><\/i><span>ISSF Ergebnislisten<\/span><\/a><\/div>\n\n\n<div id=\"wp-block-themeisle-blocks-button-06c6bafd\" class=\"wp-block-themeisle-blocks-button wp-block-button is-style-fill\"><a href=\"https:\/\/www.bdsnet.de\/aktuelles\/sportergebnisse.html\" target=\"_blank\" rel=\"noopener noreferrer\" class=\"wp-block-button__link\"><i class=\"fas fa-fw fa-medal margin-right\"><\/i><span>BDS Ergebnislisten<\/span><\/a><\/div>\n\n\n<div id=\"wp-block-themeisle-blocks-button-003b1118\" class=\"wp-block-themeisle-blocks-button wp-block-button is-style-fill\"><a href=\"https:\/\/www.dbs-sportsch\u00fctzen.de\/infos\/ergebnisse-berichte\/\" target=\"_blank\" rel=\"noopener noreferrer\" class=\"wp-block-button__link\"><i class=\"fas fa-fw fa-medal margin-right\"><\/i><span>DBS Ergebnislisten<\/span><\/a><\/div>\n\n<\/div>\n\n\n\n<div style=\"height:100px\" aria-hidden=\"true\" class=\"wp-block-spacer\"><\/div>","protected":false},"excerpt":{"rendered":"<p>An dieser Stelle gelangen Sie zu den Ergebnislisten der bei uns sowohl vom SSZ, durch Partner, Vereine oder Vereinigungen durchgef\u00fchrten Wettk\u00e4mpfe. Bitte beachten Sie: Die Schie\u00dfsportzentrum Suhl (SSZ) GmbH \u00fcbernimmt keinerlei Haftung f\u00fcr Inhalte von verlinkten Seiten Dritter. Aktuelle Ergebnisse DatumWettkampfDisziplin17.03.2023und18.03.2023S\u00fcdth\u00fcringen Rangliste 22\/234. WettkampfLuftgewehr\/-pistole24.02.2022und25.02.2022S\u00fcdth\u00fcringen Rangliste 22\/23 3. WettkampfLuftgewehr\/-pistole20.01.2023und21.01.2023S\u00fcdth\u00fcringen Rangliste 22\/232. [&hellip;]<\/p>\n","protected":false},"author":2,"featured_media":967,"parent":0,"menu_order":0,"comment_status":"closed","ping_status":"closed","template":"","meta":[],"_links":{"self":[{"href":"https:\/\/sszsuhl.de\/en\/wp-json\/wp\/v2\/pages\/1055"}],"collection":[{"href":"https:\/\/sszsuhl.de\/en\/wp-json\/wp\/v2\/pages"}],"about":[{"href":"https:\/\/sszsuhl.de\/en\/wp-json\/wp\/v2\/types\/page"}],"author":[{"embeddable":true,"href":"https:\/\/sszsuhl.de\/en\/wp-json\/wp\/v2\/users\/2"}],"replies":[{"embeddable":true,"href":"https:\/\/sszsuhl.de\/en\/wp-json\/wp\/v2\/comments?post=1055"}],"version-history":[{"count":76,"href":"https:\/\/sszsuhl.de\/en\/wp-json\/wp\/v2\/pages\/1055\/revisions"}],"predecessor-version":[{"id":2966,"href":"https:\/\/sszsuhl.de\/en\/wp-json\/wp\/v2\/pages\/1055\/revisions\/2966"}],"wp:featuredmedia":[{"embeddable":true,"href":"https:\/\/sszsuhl.de\/en\/wp-json\/wp\/v2\/media\/967"}],"wp:attachment":[{"href":"https:\/\/sszsuhl.de\/en\/wp-json\/wp\/v2\/media?parent=1055"}],"curies":[{"name":"wp","href":"https:\/\/api.w.org\/{rel}","templated":true}]}}